{"id":2112,"date":"2022-08-27T17:45:19","date_gmt":"2022-08-27T22:45:19","guid":{"rendered":"https:\/\/cuidadosycaricias.com.co\/?page_id=2112"},"modified":"2022-08-28T11:06:27","modified_gmt":"2022-08-28T16:06:27","slug":"steam","status":"publish","type":"page","link":"https:\/\/cuidadosycaricias.com.co\/en\/steam\/","title":{"rendered":"Steam"},"content":{"rendered":"<div data-elementor-type=\"wp-page\" data-elementor-id=\"2112\" class=\"elementor elementor-2112\" data-elementor-post-type=\"page\">\n\t\t\t\t\t\t<section class=\"elementor-section elementor-top-section elementor-element elementor-element-1292c4e elementor-section-boxed elementor-section-height-default elementor-section-height-default\" data-id=\"1292c4e\" data-element_type=\"section\" data-e-type=\"section\" data-settings=\"{&quot;background_background&quot;:&quot;classic&quot;}\">\n\t\t\t\t\t\t\t<div class=\"elementor-background-overlay\"><\/div>\n\t\t\t\t\t\t\t<div class=\"elementor-container elementor-column-gap-no\">\n\t\t\t\t\t<div class=\"elementor-column elementor-col-100 elementor-top-column elementor-element elementor-element-e70e2b3\" data-id=\"e70e2b3\" data-element_type=\"column\" data-e-type=\"column\">\n\t\t\t<div class=\"elementor-widget-wrap elementor-element-populated\">\n\t\t\t\t\t\t<div class=\"elementor-element elementor-element-4f90640 elementor-widget elementor-widget-heading\" data-id=\"4f90640\" data-element_type=\"widget\" data-e-type=\"widget\" data-widget_type=\"heading.default\">\n\t\t\t\t<div class=\"elementor-widget-container\">\n\t\t\t\t\t<h1 class=\"elementor-heading-title elementor-size-default\">Education Steam<\/h1>\t\t\t\t<\/div>\n\t\t\t\t<\/div>\n\t\t\t\t\t<\/div>\n\t\t<\/div>\n\t\t\t\t\t<\/div>\n\t\t<\/section>\n\t\t\t\t<section class=\"elementor-section elementor-top-section elementor-element elementor-element-3c07654 elementor-section-boxed elementor-section-height-default elementor-section-height-default\" data-id=\"3c07654\" data-element_type=\"section\" data-e-type=\"section\">\n\t\t\t\t\t\t<div class=\"elementor-container elementor-column-gap-default\">\n\t\t\t\t\t<div class=\"elementor-column elementor-col-100 elementor-top-column elementor-element elementor-element-ede4f53\" data-id=\"ede4f53\" data-element_type=\"column\" data-e-type=\"column\">\n\t\t\t<div class=\"elementor-widget-wrap elementor-element-populated\">\n\t\t\t\t\t\t<div class=\"elementor-element elementor-element-522f4f7 elementor-widget elementor-widget-heading\" data-id=\"522f4f7\" data-element_type=\"widget\" data-e-type=\"widget\" data-widget_type=\"heading.default\">\n\t\t\t\t<div class=\"elementor-widget-container\">\n\t\t\t\t\t<h2 class=\"elementor-heading-title elementor-size-default\">It is an educational model that promotes the integration and development of the subjects of Science, Technology, Engineering and Mathematics (Science, Technology, Engineering and Math)\u2014 is a pedagogical approach that aims at solving problems.\n<\/h2>\t\t\t\t<\/div>\n\t\t\t\t<\/div>\n\t\t\t\t<div class=\"elementor-element elementor-element-4806154 elementor-widget-mobile__width-inherit elementor-widget-divider--view-line elementor-widget elementor-widget-divider\" data-id=\"4806154\" data-element_type=\"widget\" data-e-type=\"widget\" data-widget_type=\"divider.default\">\n\t\t\t\t<div class=\"elementor-widget-container\">\n\t\t\t\t\t\t\t<div class=\"elementor-divider\">\n\t\t\t<span class=\"elementor-divider-separator\">\n\t\t\t\t\t\t<\/span>\n\t\t<\/div>\n\t\t\t\t\t\t<\/div>\n\t\t\t\t<\/div>\n\t\t\t\t<div class=\"elementor-element elementor-element-ad0fc42 elementor-widget elementor-widget-image\" data-id=\"ad0fc42\" data-element_type=\"widget\" data-e-type=\"widget\" data-widget_type=\"image.default\">\n\t\t\t\t<div class=\"elementor-widget-container\">\n\t\t\t\t\t\t\t\t\t\t\t\t\t\t\t<img fetchpriority=\"high\" decoding=\"async\" width=\"1024\" height=\"814\" src=\"https:\/\/cuidadosycaricias.com.co\/wp-content\/uploads\/2022\/08\/rueda-de-educacion-steam-infografia-157795663-1024x814.webp\" class=\"attachment-large size-large wp-image-2120\" alt=\"\" srcset=\"https:\/\/cuidadosycaricias.com.co\/wp-content\/uploads\/2022\/08\/rueda-de-educacion-steam-infografia-157795663-1024x814.webp 1024w, https:\/\/cuidadosycaricias.com.co\/wp-content\/uploads\/2022\/08\/rueda-de-educacion-steam-infografia-157795663-300x239.webp 300w, https:\/\/cuidadosycaricias.com.co\/wp-content\/uploads\/2022\/08\/rueda-de-educacion-steam-infografia-157795663-768x611.webp 768w, https:\/\/cuidadosycaricias.com.co\/wp-content\/uploads\/2022\/08\/rueda-de-educacion-steam-infografia-157795663-15x12.webp 15w, https:\/\/cuidadosycaricias.com.co\/wp-content\/uploads\/2022\/08\/rueda-de-educacion-steam-infografia-157795663.webp 1031w\" sizes=\"(max-width: 1024px) 100vw, 1024px\" \/>\t\t\t\t\t\t\t\t\t\t\t\t\t\t\t<\/div>\n\t\t\t\t<\/div>\n\t\t\t\t<div class=\"elementor-element elementor-element-e415875 elementor-widget elementor-widget-text-editor\" data-id=\"e415875\" data-element_type=\"widget\" data-e-type=\"widget\" data-widget_type=\"text-editor.default\">\n\t\t\t\t<div class=\"elementor-widget-container\">\n\t\t\t\t\t\t\t\t\t<p>Care and Caresses we took our children to achieve a high level of prominence when planning their work, enhancing their autonomy<\/p>\t\t\t\t\t\t\t\t<\/div>\n\t\t\t\t<\/div>\n\t\t\t\t\t<\/div>\n\t\t<\/div>\n\t\t\t\t\t<\/div>\n\t\t<\/section>\n\t\t\t\t<\/div>","protected":false},"excerpt":{"rendered":"<p>Educaci\u00f3n Steam Es un modelo educativo que promueve la integraci\u00f3n y el desarrollo de las materias Science, Technology, Engineering and Mathematics (Ciencia, Tecnolog\u00eda, Ingenier\u00eda y Matem\u00e1ticas)\u2014 es un enfoque pedag\u00f3gico que apunta a resoluci\u00f3n de problemas. En Cuidados y Caricias llevamos a nuestros ni\u00f1os a que logren un alto nivel de protagonismo a la hora [&hellip;]<\/p>\n","protected":false},"author":1,"featured_media":0,"parent":0,"menu_order":0,"comment_status":"closed","ping_status":"closed","template":"","meta":{"site-sidebar-layout":"no-sidebar","site-content-layout":"page-builder","ast-site-content-layout":"default","site-content-style":"default","site-sidebar-style":"default","ast-global-header-display":"","ast-banner-title-visibility":"","ast-main-header-display":"","ast-hfb-above-header-display":"","ast-hfb-below-header-display":"","ast-hfb-mobile-header-display":"","site-post-title":"disabled","ast-breadcrumbs-content":"","ast-featured-img":"disabled","footer-sml-layout":"","ast-disable-related-posts":"","theme-transparent-header-meta":"","adv-header-id-meta":"","stick-header-meta":"","header-above-stick-meta":"","header-main-stick-meta":"","header-below-stick-meta":"","astra-migrate-meta-layouts":"default","ast-page-background-enabled":"default","ast-page-background-meta":{"desktop":{"background-color":"","background-image":"","background-repeat":"repeat","background-position":"center center","background-size":"auto","background-attachment":"scroll","background-type":"","background-media":"","overlay-type":"","overlay-color":"","overlay-opacity":"","overlay-gradient":""},"tablet":{"background-color":"","background-image":"","background-repeat":"repeat","background-position":"center center","background-size":"auto","background-attachment":"scroll","background-type":"","background-media":"","overlay-type":"","overlay-color":"","overlay-opacity":"","overlay-gradient":""},"mobile":{"background-color":"","background-image":"","background-repeat":"repeat","background-position":"center center","background-size":"auto","background-attachment":"scroll","background-type":"","background-media":"","overlay-type":"","overlay-color":"","overlay-opacity":"","overlay-gradient":""}},"ast-content-background-meta":{"desktop":{"background-color":"var(--ast-global-color-5)","background-image":"","background-repeat":"repeat","background-position":"center center","background-size":"auto","background-attachment":"scroll","background-type":"","background-media":"","overlay-type":"","overlay-color":"","overlay-opacity":"","overlay-gradient":""},"tablet":{"background-color":"var(--ast-global-color-5)","background-image":"","background-repeat":"repeat","background-position":"center center","background-size":"auto","background-attachment":"scroll","background-type":"","background-media":"","overlay-type":"","overlay-color":"","overlay-opacity":"","overlay-gradient":""},"mobile":{"background-color":"var(--ast-global-color-5)","background-image":"","background-repeat":"repeat","background-position":"center center","background-size":"auto","background-attachment":"scroll","background-type":"","background-media":"","overlay-type":"","overlay-color":"","overlay-opacity":"","overlay-gradient":""}},"footnotes":""},"class_list":["post-2112","page","type-page","status-publish","hentry"],"_links":{"self":[{"href":"https:\/\/cuidadosycaricias.com.co\/en\/wp-json\/wp\/v2\/pages\/2112","targetHints":{"allow":["GET"]}}],"collection":[{"href":"https:\/\/cuidadosycaricias.com.co\/en\/wp-json\/wp\/v2\/pages"}],"about":[{"href":"https:\/\/cuidadosycaricias.com.co\/en\/wp-json\/wp\/v2\/types\/page"}],"author":[{"embeddable":true,"href":"https:\/\/cuidadosycaricias.com.co\/en\/wp-json\/wp\/v2\/users\/1"}],"replies":[{"embeddable":true,"href":"https:\/\/cuidadosycaricias.com.co\/en\/wp-json\/wp\/v2\/comments?post=2112"}],"version-history":[{"count":13,"href":"https:\/\/cuidadosycaricias.com.co\/en\/wp-json\/wp\/v2\/pages\/2112\/revisions"}],"predecessor-version":[{"id":2581,"href":"https:\/\/cuidadosycaricias.com.co\/en\/wp-json\/wp\/v2\/pages\/2112\/revisions\/2581"}],"wp:attachment":[{"href":"https:\/\/cuidadosycaricias.com.co\/en\/wp-json\/wp\/v2\/media?parent=2112"}],"curies":[{"name":"wp","href":"https:\/\/api.w.org\/{rel}","templated":true}]}}