{"id":2151,"date":"2022-08-27T17:56:38","date_gmt":"2022-08-27T22:56:38","guid":{"rendered":"https:\/\/cuidadosycaricias.com.co\/?page_id=2151"},"modified":"2022-08-27T18:01:20","modified_gmt":"2022-08-27T23:01:20","slug":"programa-cifras","status":"publish","type":"page","link":"https:\/\/cuidadosycaricias.com.co\/en\/programa-cifras\/","title":{"rendered":"Program Numbers"},"content":{"rendered":"<div data-elementor-type=\"wp-page\" data-elementor-id=\"2151\" class=\"elementor elementor-2151\" data-elementor-post-type=\"page\">\n\t\t\t\t\t\t<section class=\"elementor-section elementor-top-section elementor-element elementor-element-d53d251 elementor-section-boxed elementor-section-height-default elementor-section-height-default\" data-id=\"d53d251\" data-element_type=\"section\" data-e-type=\"section\" data-settings=\"{&quot;background_background&quot;:&quot;classic&quot;}\">\n\t\t\t\t\t\t\t<div class=\"elementor-background-overlay\"><\/div>\n\t\t\t\t\t\t\t<div class=\"elementor-container elementor-column-gap-no\">\n\t\t\t\t\t<div class=\"elementor-column elementor-col-100 elementor-top-column elementor-element elementor-element-c67bb30\" data-id=\"c67bb30\" data-element_type=\"column\" data-e-type=\"column\">\n\t\t\t<div class=\"elementor-widget-wrap elementor-element-populated\">\n\t\t\t\t\t\t<div class=\"elementor-element elementor-element-314ce92 elementor-widget elementor-widget-image\" data-id=\"314ce92\" data-element_type=\"widget\" data-e-type=\"widget\" data-widget_type=\"image.default\">\n\t\t\t\t<div class=\"elementor-widget-container\">\n\t\t\t\t\t\t\t\t\t\t\t\t\t\t\t<img decoding=\"async\" width=\"207\" height=\"112\" src=\"https:\/\/cuidadosycaricias.com.co\/wp-content\/uploads\/2022\/08\/d2.webp\" class=\"attachment-large size-large wp-image-1919\" alt=\"\" srcset=\"https:\/\/cuidadosycaricias.com.co\/wp-content\/uploads\/2022\/08\/d2.webp 207w, https:\/\/cuidadosycaricias.com.co\/wp-content\/uploads\/2022\/08\/d2-18x10.webp 18w\" sizes=\"(max-width: 207px) 100vw, 207px\" \/>\t\t\t\t\t\t\t\t\t\t\t\t\t\t\t<\/div>\n\t\t\t\t<\/div>\n\t\t\t\t\t<\/div>\n\t\t<\/div>\n\t\t\t\t\t<\/div>\n\t\t<\/section>\n\t\t\t\t<section class=\"elementor-section elementor-top-section elementor-element elementor-element-a0bfa4f elementor-section-boxed elementor-section-height-default elementor-section-height-default\" data-id=\"a0bfa4f\" data-element_type=\"section\" data-e-type=\"section\">\n\t\t\t\t\t\t<div class=\"elementor-container elementor-column-gap-default\">\n\t\t\t\t\t<div class=\"elementor-column elementor-col-100 elementor-top-column elementor-element elementor-element-6c25a4f\" data-id=\"6c25a4f\" data-element_type=\"column\" data-e-type=\"column\">\n\t\t\t<div class=\"elementor-widget-wrap elementor-element-populated\">\n\t\t\t\t\t\t<div class=\"elementor-element elementor-element-37e4ec6 elementor-widget elementor-widget-heading\" data-id=\"37e4ec6\" data-element_type=\"widget\" data-e-type=\"widget\" data-widget_type=\"heading.default\">\n\t\t\t\t<div class=\"elementor-widget-container\">\n\t\t\t\t\t<h2 class=\"elementor-heading-title elementor-size-default\">El Programa Cifras es la propuesta pedag\u00f3gica para la iniciaci\u00f3n en las Matem\u00e1ticas para preescolar. Desarrollado en torno al estudio del pensamiento de los peque\u00f1os y a la construcci\u00f3n del conocimiento matem\u00e1tico en la historia, tanto en la Aritm\u00e9tica, como en la M\u00e9trica y en la Geometr\u00eda.\n\n\u200b\n<\/h2>\t\t\t\t<\/div>\n\t\t\t\t<\/div>\n\t\t\t\t<div class=\"elementor-element elementor-element-f01cd2b elementor-widget elementor-widget-image\" data-id=\"f01cd2b\" data-element_type=\"widget\" data-e-type=\"widget\" data-widget_type=\"image.default\">\n\t\t\t\t<div class=\"elementor-widget-container\">\n\t\t\t\t\t\t\t\t\t\t\t\t\t\t\t<img fetchpriority=\"high\" decoding=\"async\" width=\"936\" height=\"443\" src=\"https:\/\/cuidadosycaricias.com.co\/wp-content\/uploads\/2022\/08\/Captura-de-Pantalla-2022-08-21-a-las-1_16_32-p_-m_.webp\" class=\"attachment-large size-large wp-image-2156\" alt=\"\" srcset=\"https:\/\/cuidadosycaricias.com.co\/wp-content\/uploads\/2022\/08\/Captura-de-Pantalla-2022-08-21-a-las-1_16_32-p_-m_.webp 936w, https:\/\/cuidadosycaricias.com.co\/wp-content\/uploads\/2022\/08\/Captura-de-Pantalla-2022-08-21-a-las-1_16_32-p_-m_-300x142.webp 300w, https:\/\/cuidadosycaricias.com.co\/wp-content\/uploads\/2022\/08\/Captura-de-Pantalla-2022-08-21-a-las-1_16_32-p_-m_-768x363.webp 768w, https:\/\/cuidadosycaricias.com.co\/wp-content\/uploads\/2022\/08\/Captura-de-Pantalla-2022-08-21-a-las-1_16_32-p_-m_-18x9.webp 18w\" sizes=\"(max-width: 936px) 100vw, 936px\" \/>\t\t\t\t\t\t\t\t\t\t\t\t\t\t\t<\/div>\n\t\t\t\t<\/div>\n\t\t\t\t\t<\/div>\n\t\t<\/div>\n\t\t\t\t\t<\/div>\n\t\t<\/section>\n\t\t\t\t<\/div>","protected":false},"excerpt":{"rendered":"<p>El Programa Cifras es la propuesta pedag\u00f3gica para la iniciaci\u00f3n en las Matem\u00e1ticas para preescolar. Desarrollado en torno al estudio del pensamiento de los peque\u00f1os y a la construcci\u00f3n del conocimiento matem\u00e1tico en la historia, tanto en la Aritm\u00e9tica, como en la M\u00e9trica y en la Geometr\u00eda. \u200b<\/p>","protected":false},"author":1,"featured_media":0,"parent":0,"menu_order":0,"comment_status":"closed","ping_status":"closed","template":"","meta":{"site-sidebar-layout":"no-sidebar","site-content-layout":"page-builder","ast-site-content-layout":"default","site-content-style":"default","site-sidebar-style":"default","ast-global-header-display":"","ast-banner-title-visibility":"","ast-main-header-display":"","ast-hfb-above-header-display":"","ast-hfb-below-header-display":"","ast-hfb-mobile-header-display":"","site-post-title":"disabled","ast-breadcrumbs-content":"","ast-featured-img":"disabled","footer-sml-layout":"","ast-disable-related-posts":"","theme-transparent-header-meta":"","adv-header-id-meta":"","stick-header-meta":"","header-above-stick-meta":"","header-main-stick-meta":"","header-below-stick-meta":"","astra-migrate-meta-layouts":"default","ast-page-background-enabled":"default","ast-page-background-meta":{"desktop":{"background-color":"","background-image":"","background-repeat":"repeat","background-position":"center center","background-size":"auto","background-attachment":"scroll","background-type":"","background-media":"","overlay-type":"","overlay-color":"","overlay-opacity":"","overlay-gradient":""},"tablet":{"background-color":"","background-image":"","background-repeat":"repeat","background-position":"center center","background-size":"auto","background-attachment":"scroll","background-type":"","background-media":"","overlay-type":"","overlay-color":"","overlay-opacity":"","overlay-gradient":""},"mobile":{"background-color":"","background-image":"","background-repeat":"repeat","background-position":"center center","background-size":"auto","background-attachment":"scroll","background-type":"","background-media":"","overlay-type":"","overlay-color":"","overlay-opacity":"","overlay-gradient":""}},"ast-content-background-meta":{"desktop":{"background-color":"var(--ast-global-color-5)","background-image":"","background-repeat":"repeat","background-position":"center center","background-size":"auto","background-attachment":"scroll","background-type":"","background-media":"","overlay-type":"","overlay-color":"","overlay-opacity":"","overlay-gradient":""},"tablet":{"background-color":"var(--ast-global-color-5)","background-image":"","background-repeat":"repeat","background-position":"center center","background-size":"auto","background-attachment":"scroll","background-type":"","background-media":"","overlay-type":"","overlay-color":"","overlay-opacity":"","overlay-gradient":""},"mobile":{"background-color":"var(--ast-global-color-5)","background-image":"","background-repeat":"repeat","background-position":"center center","background-size":"auto","background-attachment":"scroll","background-type":"","background-media":"","overlay-type":"","overlay-color":"","overlay-opacity":"","overlay-gradient":""}},"footnotes":""},"class_list":["post-2151","page","type-page","status-publish","hentry"],"_links":{"self":[{"href":"https:\/\/cuidadosycaricias.com.co\/en\/wp-json\/wp\/v2\/pages\/2151","targetHints":{"allow":["GET"]}}],"collection":[{"href":"https:\/\/cuidadosycaricias.com.co\/en\/wp-json\/wp\/v2\/pages"}],"about":[{"href":"https:\/\/cuidadosycaricias.com.co\/en\/wp-json\/wp\/v2\/types\/page"}],"author":[{"embeddable":true,"href":"https:\/\/cuidadosycaricias.com.co\/en\/wp-json\/wp\/v2\/users\/1"}],"replies":[{"embeddable":true,"href":"https:\/\/cuidadosycaricias.com.co\/en\/wp-json\/wp\/v2\/comments?post=2151"}],"version-history":[{"count":16,"href":"https:\/\/cuidadosycaricias.com.co\/en\/wp-json\/wp\/v2\/pages\/2151\/revisions"}],"predecessor-version":[{"id":2172,"href":"https:\/\/cuidadosycaricias.com.co\/en\/wp-json\/wp\/v2\/pages\/2151\/revisions\/2172"}],"wp:attachment":[{"href":"https:\/\/cuidadosycaricias.com.co\/en\/wp-json\/wp\/v2\/media?parent=2151"}],"curies":[{"name":"wp","href":"https:\/\/api.w.org\/{rel}","templated":true}]}}