{"id":2163,"date":"2022-08-27T18:01:32","date_gmt":"2022-08-27T23:01:32","guid":{"rendered":"https:\/\/cuidadosycaricias.com.co\/?page_id=2163"},"modified":"2022-08-27T18:01:39","modified_gmt":"2022-08-27T23:01:39","slug":"polyglot-world","status":"publish","type":"page","link":"https:\/\/cuidadosycaricias.com.co\/en\/polyglot-world\/","title":{"rendered":"Polyglot World"},"content":{"rendered":"<div data-elementor-type=\"wp-page\" data-elementor-id=\"2163\" class=\"elementor elementor-2163\" data-elementor-post-type=\"page\">\n\t\t\t\t\t\t<section class=\"elementor-section elementor-top-section elementor-element elementor-element-f6205ed elementor-section-boxed elementor-section-height-default elementor-section-height-default\" data-id=\"f6205ed\" data-element_type=\"section\" data-e-type=\"section\" data-settings=\"{&quot;background_background&quot;:&quot;classic&quot;}\">\n\t\t\t\t\t\t\t<div class=\"elementor-background-overlay\"><\/div>\n\t\t\t\t\t\t\t<div class=\"elementor-container elementor-column-gap-no\">\n\t\t\t\t\t<div class=\"elementor-column elementor-col-100 elementor-top-column elementor-element elementor-element-bc66423\" data-id=\"bc66423\" data-element_type=\"column\" data-e-type=\"column\">\n\t\t\t<div class=\"elementor-widget-wrap elementor-element-populated\">\n\t\t\t\t\t\t<div class=\"elementor-element elementor-element-73a1961 elementor-widget elementor-widget-image\" data-id=\"73a1961\" data-element_type=\"widget\" data-e-type=\"widget\" data-widget_type=\"image.default\">\n\t\t\t\t<div class=\"elementor-widget-container\">\n\t\t\t\t\t\t\t\t\t\t\t\t\t\t\t<img decoding=\"async\" width=\"241\" height=\"126\" src=\"https:\/\/cuidadosycaricias.com.co\/wp-content\/uploads\/2022\/08\/d3.webp\" class=\"attachment-large size-large wp-image-1920\" alt=\"\" srcset=\"https:\/\/cuidadosycaricias.com.co\/wp-content\/uploads\/2022\/08\/d3.webp 241w, https:\/\/cuidadosycaricias.com.co\/wp-content\/uploads\/2022\/08\/d3-18x9.webp 18w\" sizes=\"(max-width: 241px) 100vw, 241px\" \/>\t\t\t\t\t\t\t\t\t\t\t\t\t\t\t<\/div>\n\t\t\t\t<\/div>\n\t\t\t\t\t<\/div>\n\t\t<\/div>\n\t\t\t\t\t<\/div>\n\t\t<\/section>\n\t\t\t\t<section class=\"elementor-section elementor-top-section elementor-element elementor-element-1de6ac5 elementor-section-boxed elementor-section-height-default elementor-section-height-default\" data-id=\"1de6ac5\" data-element_type=\"section\" data-e-type=\"section\">\n\t\t\t\t\t\t<div class=\"elementor-container elementor-column-gap-default\">\n\t\t\t\t\t<div class=\"elementor-column elementor-col-100 elementor-top-column elementor-element elementor-element-b709c38\" data-id=\"b709c38\" data-element_type=\"column\" data-e-type=\"column\">\n\t\t\t<div class=\"elementor-widget-wrap elementor-element-populated\">\n\t\t\t\t\t\t<div class=\"elementor-element elementor-element-2777f16 elementor-widget elementor-widget-image\" data-id=\"2777f16\" data-element_type=\"widget\" data-e-type=\"widget\" data-widget_type=\"image.default\">\n\t\t\t\t<div class=\"elementor-widget-container\">\n\t\t\t\t\t\t\t\t\t\t\t\t\t\t\t<img fetchpriority=\"high\" decoding=\"async\" width=\"312\" height=\"300\" src=\"https:\/\/cuidadosycaricias.com.co\/wp-content\/uploads\/2022\/08\/ut4jwljunaopmgxqe7av3yqw4d6jc3sachvcdoaizecfr3dnitcq_1_0.webp\" class=\"attachment-large size-large wp-image-2165\" alt=\"\" srcset=\"https:\/\/cuidadosycaricias.com.co\/wp-content\/uploads\/2022\/08\/ut4jwljunaopmgxqe7av3yqw4d6jc3sachvcdoaizecfr3dnitcq_1_0.webp 312w, https:\/\/cuidadosycaricias.com.co\/wp-content\/uploads\/2022\/08\/ut4jwljunaopmgxqe7av3yqw4d6jc3sachvcdoaizecfr3dnitcq_1_0-300x288.webp 300w, https:\/\/cuidadosycaricias.com.co\/wp-content\/uploads\/2022\/08\/ut4jwljunaopmgxqe7av3yqw4d6jc3sachvcdoaizecfr3dnitcq_1_0-12x12.webp 12w\" sizes=\"(max-width: 312px) 100vw, 312px\" \/>\t\t\t\t\t\t\t\t\t\t\t\t\t\t\t<\/div>\n\t\t\t\t<\/div>\n\t\t\t\t<div class=\"elementor-element elementor-element-3cce5a3 elementor-widget elementor-widget-heading\" data-id=\"3cce5a3\" data-element_type=\"widget\" data-e-type=\"widget\" data-widget_type=\"heading.default\">\n\t\t\t\t<div class=\"elementor-widget-container\">\n\t\t\t\t\t<h2 class=\"elementor-heading-title elementor-size-default\">Es un m\u00e9todo que prepara el cerebro de los menores de 7 a\u00f1os a trav\u00e9s de las bases de 5 idiomas simult\u00e1neamente (espa\u00f1ol, ingl\u00e9s, franc\u00e9s, alem\u00e1n y mandar\u00edn) para que los aprenda de forma f\u00e1cil, r\u00e1pida y sin esfuerzo.<\/h2>\t\t\t\t<\/div>\n\t\t\t\t<\/div>\n\t\t\t\t<div class=\"elementor-element elementor-element-bdb62c7 elementor-widget elementor-widget-image\" data-id=\"bdb62c7\" data-element_type=\"widget\" data-e-type=\"widget\" data-widget_type=\"image.default\">\n\t\t\t\t<div class=\"elementor-widget-container\">\n\t\t\t\t\t\t\t\t\t\t\t\t\t\t\t<img decoding=\"async\" width=\"904\" height=\"572\" src=\"https:\/\/cuidadosycaricias.com.co\/wp-content\/uploads\/2022\/08\/Captura-de-Pantalla-2022-08-21-a-las-1_27_06-p_-m_.webp\" class=\"attachment-large size-large wp-image-2166\" alt=\"\" srcset=\"https:\/\/cuidadosycaricias.com.co\/wp-content\/uploads\/2022\/08\/Captura-de-Pantalla-2022-08-21-a-las-1_27_06-p_-m_.webp 904w, https:\/\/cuidadosycaricias.com.co\/wp-content\/uploads\/2022\/08\/Captura-de-Pantalla-2022-08-21-a-las-1_27_06-p_-m_-300x190.webp 300w, https:\/\/cuidadosycaricias.com.co\/wp-content\/uploads\/2022\/08\/Captura-de-Pantalla-2022-08-21-a-las-1_27_06-p_-m_-768x486.webp 768w, https:\/\/cuidadosycaricias.com.co\/wp-content\/uploads\/2022\/08\/Captura-de-Pantalla-2022-08-21-a-las-1_27_06-p_-m_-18x12.webp 18w\" sizes=\"(max-width: 904px) 100vw, 904px\" \/>\t\t\t\t\t\t\t\t\t\t\t\t\t\t\t<\/div>\n\t\t\t\t<\/div>\n\t\t\t\t\t<\/div>\n\t\t<\/div>\n\t\t\t\t\t<\/div>\n\t\t<\/section>\n\t\t\t\t<\/div>","protected":false},"excerpt":{"rendered":"<p>Es un m\u00e9todo que prepara el cerebro de los menores de 7 a\u00f1os a trav\u00e9s de las bases de 5 idiomas simult\u00e1neamente (espa\u00f1ol, ingl\u00e9s, franc\u00e9s, alem\u00e1n y mandar\u00edn) para que los aprenda de forma f\u00e1cil, r\u00e1pida y sin esfuerzo.<\/p>","protected":false},"author":1,"featured_media":0,"parent":0,"menu_order":0,"comment_status":"closed","ping_status":"closed","template":"","meta":{"site-sidebar-layout":"no-sidebar","site-content-layout":"page-builder","ast-site-content-layout":"default","site-content-style":"default","site-sidebar-style":"default","ast-global-header-display":"","ast-banner-title-visibility":"","ast-main-header-display":"","ast-hfb-above-header-display":"","ast-hfb-below-header-display":"","ast-hfb-mobile-header-display":"","site-post-title":"disabled","ast-breadcrumbs-content":"","ast-featured-img":"disabled","footer-sml-layout":"","ast-disable-related-posts":"","theme-transparent-header-meta":"","adv-header-id-meta":"","stick-header-meta":"","header-above-stick-meta":"","header-main-stick-meta":"","header-below-stick-meta":"","astra-migrate-meta-layouts":"default","ast-page-background-enabled":"default","ast-page-background-meta":{"desktop":{"background-color":"","background-image":"","background-repeat":"repeat","background-position":"center center","background-size":"auto","background-attachment":"scroll","background-type":"","background-media":"","overlay-type":"","overlay-color":"","overlay-opacity":"","overlay-gradient":""},"tablet":{"background-color":"","background-image":"","background-repeat":"repeat","background-position":"center center","background-size":"auto","background-attachment":"scroll","background-type":"","background-media":"","overlay-type":"","overlay-color":"","overlay-opacity":"","overlay-gradient":""},"mobile":{"background-color":"","background-image":"","background-repeat":"repeat","background-position":"center center","background-size":"auto","background-attachment":"scroll","background-type":"","background-media":"","overlay-type":"","overlay-color":"","overlay-opacity":"","overlay-gradient":""}},"ast-content-background-meta":{"desktop":{"background-color":"var(--ast-global-color-5)","background-image":"","background-repeat":"repeat","background-position":"center center","background-size":"auto","background-attachment":"scroll","background-type":"","background-media":"","overlay-type":"","overlay-color":"","overlay-opacity":"","overlay-gradient":""},"tablet":{"background-color":"var(--ast-global-color-5)","background-image":"","background-repeat":"repeat","background-position":"center center","background-size":"auto","background-attachment":"scroll","background-type":"","background-media":"","overlay-type":"","overlay-color":"","overlay-opacity":"","overlay-gradient":""},"mobile":{"background-color":"var(--ast-global-color-5)","background-image":"","background-repeat":"repeat","background-position":"center center","background-size":"auto","background-attachment":"scroll","background-type":"","background-media":"","overlay-type":"","overlay-color":"","overlay-opacity":"","overlay-gradient":""}},"footnotes":""},"class_list":["post-2163","page","type-page","status-publish","hentry"],"_links":{"self":[{"href":"https:\/\/cuidadosycaricias.com.co\/en\/wp-json\/wp\/v2\/pages\/2163","targetHints":{"allow":["GET"]}}],"collection":[{"href":"https:\/\/cuidadosycaricias.com.co\/en\/wp-json\/wp\/v2\/pages"}],"about":[{"href":"https:\/\/cuidadosycaricias.com.co\/en\/wp-json\/wp\/v2\/types\/page"}],"author":[{"embeddable":true,"href":"https:\/\/cuidadosycaricias.com.co\/en\/wp-json\/wp\/v2\/users\/1"}],"replies":[{"embeddable":true,"href":"https:\/\/cuidadosycaricias.com.co\/en\/wp-json\/wp\/v2\/comments?post=2163"}],"version-history":[{"count":4,"href":"https:\/\/cuidadosycaricias.com.co\/en\/wp-json\/wp\/v2\/pages\/2163\/revisions"}],"predecessor-version":[{"id":2175,"href":"https:\/\/cuidadosycaricias.com.co\/en\/wp-json\/wp\/v2\/pages\/2163\/revisions\/2175"}],"wp:attachment":[{"href":"https:\/\/cuidadosycaricias.com.co\/en\/wp-json\/wp\/v2\/media?parent=2163"}],"curies":[{"name":"wp","href":"https:\/\/api.w.org\/{rel}","templated":true}]}}